{"id":6146,"date":"2020-08-31T22:29:37","date_gmt":"2020-08-31T20:29:37","guid":{"rendered":"https:\/\/outofashes.org\/?page_id=6146"},"modified":"2020-09-04T13:11:57","modified_gmt":"2020-09-04T11:11:57","slug":"organisation","status":"publish","type":"page","link":"https:\/\/outofashes.org\/sv\/organisation\/","title":{"rendered":"Organisation"},"content":{"rendered":"<div data-elementor-type=\"wp-page\" data-elementor-id=\"6146\" class=\"elementor elementor-6146\" data-elementor-post-type=\"page\">\n\t\t\t\t\t\t\t\t\t<section class=\"elementor-section elementor-top-section elementor-element elementor-element-5691919c elementor-section-height-min-height elementor-section-boxed elementor-section-height-default elementor-section-items-middle\" data-id=\"5691919c\" data-element_type=\"section\" data-settings=\"{&quot;background_background&quot;:&quot;classic&quot;}\">\n\t\t\t\t\t\t\t<div class=\"elementor-background-overlay\"><\/div>\n\t\t\t\t\t\t\t<div class=\"elementor-container elementor-column-gap-default\">\n\t\t\t\t\t<div class=\"elementor-column elementor-col-100 elementor-top-column elementor-element elementor-element-2e85a093\" data-id=\"2e85a093\" data-element_type=\"column\">\n\t\t\t<div class=\"elementor-widget-wrap elementor-element-populated\">\n\t\t\t\t\t\t\t\t<section class=\"elementor-section elementor-inner-section elementor-element elementor-element-19a20cb1 elementor-section-boxed elementor-section-height-default elementor-section-height-default\" data-id=\"19a20cb1\" data-element_type=\"section\">\n\t\t\t\t\t\t<div class=\"elementor-container elementor-column-gap-default\">\n\t\t\t\t\t<div class=\"elementor-column elementor-col-100 elementor-inner-column elementor-element elementor-element-30de4371\" data-id=\"30de4371\" data-element_type=\"column\">\n\t\t\t<div class=\"elementor-widget-wrap\">\n\t\t\t\t\t\t\t\t\t<\/div>\n\t\t<\/div>\n\t\t\t\t\t\t\t<\/div>\n\t\t<\/section>\n\t\t\t\t\t<\/div>\n\t\t<\/div>\n\t\t\t\t\t\t\t<\/div>\n\t\t<\/section>\n\t\t\t\t<section class=\"elementor-section elementor-top-section elementor-element elementor-element-7f2fc8e5 elementor-section-boxed elementor-section-height-default elementor-section-height-default\" data-id=\"7f2fc8e5\" data-element_type=\"section\">\n\t\t\t\t\t\t<div class=\"elementor-container elementor-column-gap-default\">\n\t\t\t\t\t<div class=\"elementor-column elementor-col-100 elementor-top-column elementor-element elementor-element-263604ea\" data-id=\"263604ea\" data-element_type=\"column\">\n\t\t\t<div class=\"elementor-widget-wrap elementor-element-populated\">\n\t\t\t\t\t\t\t\t<section class=\"elementor-section elementor-inner-section elementor-element elementor-element-45d2c708 elementor-section-boxed elementor-section-height-default elementor-section-height-default\" data-id=\"45d2c708\" data-element_type=\"section\" data-settings=\"{&quot;background_background&quot;:&quot;classic&quot;}\">\n\t\t\t\t\t\t<div class=\"elementor-container elementor-column-gap-default\">\n\t\t\t\t\t<div class=\"elementor-column elementor-col-100 elementor-inner-column elementor-element elementor-element-198a2ae2\" data-id=\"198a2ae2\" data-element_type=\"column\">\n\t\t\t<div class=\"elementor-widget-wrap elementor-element-populated\">\n\t\t\t\t\t\t\t\t<div class=\"elementor-element elementor-element-16f8d2e5 elementor-widget elementor-widget-heading\" data-id=\"16f8d2e5\" data-element_type=\"widget\" data-widget_type=\"heading.default\">\n\t\t\t\t<div class=\"elementor-widget-container\">\n\t\t\t<h2 class=\"elementor-heading-title elementor-size-default\">F\u00f6reningen<\/h2>\t\t<\/div>\n\t\t\t\t<\/div>\n\t\t\t\t<div class=\"elementor-element elementor-element-45db40e7 elementor-widget elementor-widget-text-editor\" data-id=\"45db40e7\" data-element_type=\"widget\" data-widget_type=\"text-editor.default\">\n\t\t\t\t<div class=\"elementor-widget-container\">\n\t\t\t\t\t\t\t<p><span style=\"color: #000000;\">Out of Ashes \u00e4r en ideell f\u00f6rening med s\u00e4te i Ume\u00e5. V\u00e5rt organisationsnummer \u00e4r 802506-4612<\/span><strong>\u00a0<\/strong><\/p><p><strong>Styrelse<\/strong><\/p><p>H\u00e5kan Gabrielsson - Ordf\u00f6rande\/grundare<\/p><p>Gunnar Rydin - Vice ordf\u00f6rande<\/p><p>Lasse Palm\u00e9r - ledamot<\/p><p>Erika Gabrielsson - ledamot<\/p><p>Sannah Sj\u00f6str\u00f6m - ledamot<\/p><p>Peo Einemo - suppleant<\/p><p>\u00a0<\/p><p><b>R\u00e5dgivare<\/b><\/p><p>Stig-\u00c5ke Lindgren - r\u00e5dgivare<\/p><p>Eskil Jonsson <strong>- Ekonomisk r\u00e5dgivare<\/strong><\/p><p>Out of Ashes innehar ett 90-konto och st\u00e5r d\u00e4rmed under granskning av Svensk Insamlingskontroll.<\/p>\t\t\t\t\t\t<\/div>\n\t\t\t\t<\/div>\n\t\t\t\t<div class=\"elementor-element elementor-element-425dc837 elementor-align-center elementor-widget elementor-widget-global elementor-global-5319 elementor-widget-button\" data-id=\"425dc837\" data-element_type=\"widget\" data-widget_type=\"button.default\">\n\t\t\t\t<div class=\"elementor-widget-container\">\n\t\t\t\t\t<div class=\"elementor-button-wrapper\">\n\t\t\t<a class=\"elementor-button elementor-button-link elementor-size-lg\" href=\"https:\/\/outofashes.org\/sv\/make-a-donation\/\">\n\t\t\t\t\t\t<span class=\"elementor-button-content-wrapper\">\n\t\t\t\t\t\t<span class=\"elementor-button-text\">Ge en g\u00e5va nu<\/span>\n\t\t<\/span>\n\t\t\t\t\t<\/a>\n\t\t<\/div>\n\t\t\t\t<\/div>\n\t\t\t\t<\/div>\n\t\t\t\t\t<\/div>\n\t\t<\/div>\n\t\t\t\t\t\t\t<\/div>\n\t\t<\/section>\n\t\t\t\t\t<\/div>\n\t\t<\/div>\n\t\t\t\t\t\t\t<\/div>\n\t\t<\/section>\n\t\t\t\t<section class=\"elementor-section elementor-top-section elementor-element elementor-element-c90b00e elementor-section-boxed elementor-section-height-default elementor-section-height-default\" data-id=\"c90b00e\" data-element_type=\"section\">\n\t\t\t\t\t\t<div class=\"elementor-container elementor-column-gap-default\">\n\t\t\t\t\t<div class=\"elementor-column elementor-col-66 elementor-top-column elementor-element elementor-element-684c297\" data-id=\"684c297\" data-element_type=\"column\">\n\t\t\t<div class=\"elementor-widget-wrap\">\n\t\t\t\t\t\t\t\t\t<\/div>\n\t\t<\/div>\n\t\t\t\t<div class=\"elementor-column elementor-col-33 elementor-top-column elementor-element elementor-element-504a2be\" data-id=\"504a2be\" data-element_type=\"column\">\n\t\t\t<div class=\"elementor-widget-wrap elementor-element-populated\">\n\t\t\t\t\t\t\t\t<div class=\"elementor-element elementor-element-966c472 elementor-widget elementor-widget-heading\" data-id=\"966c472\" data-element_type=\"widget\" data-widget_type=\"heading.default\">\n\t\t\t\t<div class=\"elementor-widget-container\">\n\t\t\t<h2 class=\"elementor-heading-title elementor-size-default\">V\u00e4lkommen att ta del av f\u00f6ljande dokument<\/h2>\t\t<\/div>\n\t\t\t\t<\/div>\n\t\t\t\t<div class=\"elementor-element elementor-element-341db0e elementor-widget elementor-widget-button\" data-id=\"341db0e\" data-element_type=\"widget\" data-widget_type=\"button.default\">\n\t\t\t\t<div class=\"elementor-widget-container\">\n\t\t\t\t\t<div class=\"elementor-button-wrapper\">\n\t\t\t<a class=\"elementor-button elementor-button-link elementor-size-sm\" href=\"http:\/\/outofashes.org\/wp-content\/uploads\/2020\/08\/stadgar_OOA-nya2018.pdf\" target=\"_blank\">\n\t\t\t\t\t\t<span class=\"elementor-button-content-wrapper\">\n\t\t\t\t\t\t<span class=\"elementor-button-text\">Statutes<\/span>\n\t\t<\/span>\n\t\t\t\t\t<\/a>\n\t\t<\/div>\n\t\t\t\t<\/div>\n\t\t\t\t<\/div>\n\t\t\t\t<div class=\"elementor-element elementor-element-5d5e7be elementor-widget elementor-widget-button\" data-id=\"5d5e7be\" data-element_type=\"widget\" data-widget_type=\"button.default\">\n\t\t\t\t<div class=\"elementor-widget-container\">\n\t\t\t\t\t<div class=\"elementor-button-wrapper\">\n\t\t\t<a class=\"elementor-button elementor-button-link elementor-size-sm\" href=\"http:\/\/outofashes.org\/wp-content\/uploads\/2020\/08\/arsredovisning-ooa-2019.pdf\" target=\"_blank\">\n\t\t\t\t\t\t<span class=\"elementor-button-content-wrapper\">\n\t\t\t\t\t\t<span class=\"elementor-button-text\">Annual report<\/span>\n\t\t<\/span>\n\t\t\t\t\t<\/a>\n\t\t<\/div>\n\t\t\t\t<\/div>\n\t\t\t\t<\/div>\n\t\t\t\t\t<\/div>\n\t\t<\/div>\n\t\t\t\t\t\t\t<\/div>\n\t\t<\/section>\n\t\t\t\t<section class=\"elementor-section elementor-top-section elementor-element elementor-element-4624866 elementor-section-boxed elementor-section-height-default elementor-section-height-default\" data-id=\"4624866\" data-element_type=\"section\">\n\t\t\t\t\t\t<div class=\"elementor-container elementor-column-gap-default\">\n\t\t\t\t\t<div class=\"elementor-column elementor-col-100 elementor-top-column elementor-element elementor-element-cada783\" data-id=\"cada783\" data-element_type=\"column\">\n\t\t\t<div class=\"elementor-widget-wrap\">\n\t\t\t\t\t\t\t\t\t<\/div>\n\t\t<\/div>\n\t\t\t\t\t\t\t<\/div>\n\t\t<\/section>\n\t\t\t\t\t\t\t<\/div>","protected":false},"excerpt":{"rendered":"<p>Our organisation Out of Ashes is a non profit organisation registered in Ume\u00e5 Sweden. Registration number 802506-4612.\u00a0 Board of directors: H\u00e5kan Gabrielsson &#8211; Founder\/Chairman Gunnar Rydin &#8211; Vice Chairman Lasse Palm\u00e9r &#8211; Member Erika Gabrielsson &#8211; Member Sannah Sj\u00f6str\u00f6m &#8211; Member Peo Einemo &#8211;\u00a0 Substitute Member \u00a0 Advisors Stig-\u00c5ke Lindgren &#8211; Affiliated advisor Eskil Jonsson [&hellip;]<\/p>","protected":false},"author":3,"featured_media":0,"parent":0,"menu_order":0,"comment_status":"closed","ping_status":"closed","template":"elementor_header_footer","meta":{"_exactmetrics_skip_tracking":false,"_exactmetrics_sitenote_active":false,"_exactmetrics_sitenote_note":"","_exactmetrics_sitenote_category":0,"footnotes":""},"class_list":["post-6146","page","type-page","status-publish","hentry"],"acf":[],"aioseo_notices":[],"_links":{"self":[{"href":"https:\/\/outofashes.org\/sv\/wp-json\/wp\/v2\/pages\/6146","targetHints":{"allow":["GET"]}}],"collection":[{"href":"https:\/\/outofashes.org\/sv\/wp-json\/wp\/v2\/pages"}],"about":[{"href":"https:\/\/outofashes.org\/sv\/wp-json\/wp\/v2\/types\/page"}],"author":[{"embeddable":true,"href":"https:\/\/outofashes.org\/sv\/wp-json\/wp\/v2\/users\/3"}],"replies":[{"embeddable":true,"href":"https:\/\/outofashes.org\/sv\/wp-json\/wp\/v2\/comments?post=6146"}],"version-history":[{"count":12,"href":"https:\/\/outofashes.org\/sv\/wp-json\/wp\/v2\/pages\/6146\/revisions"}],"predecessor-version":[{"id":6226,"href":"https:\/\/outofashes.org\/sv\/wp-json\/wp\/v2\/pages\/6146\/revisions\/6226"}],"wp:attachment":[{"href":"https:\/\/outofashes.org\/sv\/wp-json\/wp\/v2\/media?parent=6146"}],"curies":[{"name":"wp","href":"https:\/\/api.w.org\/{rel}","templated":true}]}}