{"id":6053,"date":"2020-08-28T22:43:07","date_gmt":"2020-08-28T20:43:07","guid":{"rendered":"https:\/\/outofashes.org\/?page_id=6053"},"modified":"2020-09-15T15:00:05","modified_gmt":"2020-09-15T13:00:05","slug":"history","status":"publish","type":"page","link":"https:\/\/outofashes.org\/sv\/history\/","title":{"rendered":"Historia"},"content":{"rendered":"<div data-elementor-type=\"wp-page\" data-elementor-id=\"6053\" class=\"elementor elementor-6053\" data-elementor-post-type=\"page\">\n\t\t\t\t\t\t\t\t\t<section class=\"elementor-section elementor-top-section elementor-element elementor-element-43ced626 elementor-section-height-min-height elementor-section-boxed elementor-section-height-default elementor-section-items-middle\" data-id=\"43ced626\" data-element_type=\"section\" data-settings=\"{&quot;background_background&quot;:&quot;classic&quot;}\">\n\t\t\t\t\t\t\t<div class=\"elementor-background-overlay\"><\/div>\n\t\t\t\t\t\t\t<div class=\"elementor-container elementor-column-gap-default\">\n\t\t\t\t\t<div class=\"elementor-column elementor-col-100 elementor-top-column elementor-element elementor-element-59b4bca1\" data-id=\"59b4bca1\" data-element_type=\"column\">\n\t\t\t<div class=\"elementor-widget-wrap elementor-element-populated\">\n\t\t\t\t\t\t\t\t<section class=\"elementor-section elementor-inner-section elementor-element elementor-element-5d5f81c9 elementor-section-boxed elementor-section-height-default elementor-section-height-default\" data-id=\"5d5f81c9\" data-element_type=\"section\">\n\t\t\t\t\t\t<div class=\"elementor-container elementor-column-gap-default\">\n\t\t\t\t\t<div class=\"elementor-column elementor-col-100 elementor-inner-column elementor-element elementor-element-6201acca\" data-id=\"6201acca\" data-element_type=\"column\">\n\t\t\t<div class=\"elementor-widget-wrap\">\n\t\t\t\t\t\t\t\t\t<\/div>\n\t\t<\/div>\n\t\t\t\t\t\t\t<\/div>\n\t\t<\/section>\n\t\t\t\t\t<\/div>\n\t\t<\/div>\n\t\t\t\t\t\t\t<\/div>\n\t\t<\/section>\n\t\t\t\t<section class=\"elementor-section elementor-top-section elementor-element elementor-element-4772a74d elementor-section-boxed elementor-section-height-default elementor-section-height-default\" data-id=\"4772a74d\" data-element_type=\"section\">\n\t\t\t\t\t\t<div class=\"elementor-container elementor-column-gap-default\">\n\t\t\t\t\t<div class=\"elementor-column elementor-col-100 elementor-top-column elementor-element elementor-element-4c46cfcd\" data-id=\"4c46cfcd\" data-element_type=\"column\">\n\t\t\t<div class=\"elementor-widget-wrap elementor-element-populated\">\n\t\t\t\t\t\t\t\t<section class=\"elementor-section elementor-inner-section elementor-element elementor-element-6a1d4f8d elementor-section-boxed elementor-section-height-default elementor-section-height-default\" data-id=\"6a1d4f8d\" data-element_type=\"section\" data-settings=\"{&quot;background_background&quot;:&quot;classic&quot;}\">\n\t\t\t\t\t\t<div class=\"elementor-container elementor-column-gap-default\">\n\t\t\t\t\t<div class=\"elementor-column elementor-col-100 elementor-inner-column elementor-element elementor-element-402ebcf7\" data-id=\"402ebcf7\" data-element_type=\"column\">\n\t\t\t<div class=\"elementor-widget-wrap elementor-element-populated\">\n\t\t\t\t\t\t\t\t<div class=\"elementor-element elementor-element-42db463e elementor-widget elementor-widget-heading\" data-id=\"42db463e\" data-element_type=\"widget\" data-widget_type=\"heading.default\">\n\t\t\t\t<div class=\"elementor-widget-container\">\n\t\t\t<h2 class=\"elementor-heading-title elementor-size-default\">Our History - Broken Wings<\/h2>\t\t<\/div>\n\t\t\t\t<\/div>\n\t\t\t\t<div class=\"elementor-element elementor-element-5e63aa7a elementor-widget elementor-widget-text-editor\" data-id=\"5e63aa7a\" data-element_type=\"widget\" data-widget_type=\"text-editor.default\">\n\t\t\t\t<div class=\"elementor-widget-container\">\n\t\t\t\t\t\t\t<p><span style=\"color: #000000;\">The picture above shows the beginning of Out of Ashes involvement against trafficking. <\/span><\/p><p>\u00a0<\/p>\t\t\t\t\t\t<\/div>\n\t\t\t\t<\/div>\n\t\t\t\t<div class=\"elementor-element elementor-element-6f603ae5 elementor-align-center elementor-widget elementor-widget-global elementor-global-5319 elementor-widget-button\" data-id=\"6f603ae5\" data-element_type=\"widget\" data-widget_type=\"button.default\">\n\t\t\t\t<div class=\"elementor-widget-container\">\n\t\t\t\t\t<div class=\"elementor-button-wrapper\">\n\t\t\t<a class=\"elementor-button elementor-button-link elementor-size-lg\" href=\"https:\/\/outofashes.org\/sv\/make-a-donation\/\">\n\t\t\t\t\t\t<span class=\"elementor-button-content-wrapper\">\n\t\t\t\t\t\t<span class=\"elementor-button-text\">Ge en g\u00e5va nu<\/span>\n\t\t<\/span>\n\t\t\t\t\t<\/a>\n\t\t<\/div>\n\t\t\t\t<\/div>\n\t\t\t\t<\/div>\n\t\t\t\t\t<\/div>\n\t\t<\/div>\n\t\t\t\t\t\t\t<\/div>\n\t\t<\/section>\n\t\t\t\t\t<\/div>\n\t\t<\/div>\n\t\t\t\t\t\t\t<\/div>\n\t\t<\/section>\n\t\t\t\t<section class=\"elementor-section elementor-top-section elementor-element elementor-element-715f413 elementor-section-boxed elementor-section-height-default elementor-section-height-default\" data-id=\"715f413\" data-element_type=\"section\">\n\t\t\t\t\t\t<div class=\"elementor-container elementor-column-gap-default\">\n\t\t\t\t\t<div class=\"elementor-column elementor-col-100 elementor-top-column elementor-element elementor-element-f9a1762\" data-id=\"f9a1762\" data-element_type=\"column\">\n\t\t\t<div class=\"elementor-widget-wrap elementor-element-populated\">\n\t\t\t\t\t\t\t\t<div class=\"elementor-element elementor-element-b707ec7 elementor-widget elementor-widget-heading\" data-id=\"b707ec7\" data-element_type=\"widget\" data-widget_type=\"heading.default\">\n\t\t\t\t<div class=\"elementor-widget-container\">\n\t\t\t<h2 class=\"elementor-heading-title elementor-size-default\">In 2009 ....<\/h2>\t\t<\/div>\n\t\t\t\t<\/div>\n\t\t\t\t<div class=\"elementor-element elementor-element-d1be85f elementor-widget elementor-widget-text-editor\" data-id=\"d1be85f\" data-element_type=\"widget\" data-widget_type=\"text-editor.default\">\n\t\t\t\t<div class=\"elementor-widget-container\">\n\t\t\t\t\t\t\t\t\t\t\t\t\t<\/div>\n\t\t\t\t<\/div>\n\t\t\t\t\t<\/div>\n\t\t<\/div>\n\t\t\t\t\t\t\t<\/div>\n\t\t<\/section>\n\t\t\t\t<section class=\"elementor-section elementor-top-section elementor-element elementor-element-d01d1d9 elementor-section-boxed elementor-section-height-default elementor-section-height-default\" data-id=\"d01d1d9\" data-element_type=\"section\">\n\t\t\t\t\t\t<div class=\"elementor-container elementor-column-gap-default\">\n\t\t\t\t\t<div class=\"elementor-column elementor-col-100 elementor-top-column elementor-element elementor-element-8fbb8a9\" data-id=\"8fbb8a9\" data-element_type=\"column\">\n\t\t\t<div class=\"elementor-widget-wrap elementor-element-populated\">\n\t\t\t\t\t\t\t\t<div class=\"elementor-element elementor-element-acd19de elementor-widget elementor-widget-text-editor\" data-id=\"acd19de\" data-element_type=\"widget\" data-widget_type=\"text-editor.default\">\n\t\t\t\t<div class=\"elementor-widget-container\">\n\t\t\t\t\t\t\t<p><span style=\"color: #000000;\"><span style=\"color: #000000; font-size: 1rem;\">Out of Ashes is a charitable non-profit organization that was started in order to fight human trafficking. In February 2009, H\u00e5kan Gabrielsson visited two Badi villages in western Nepal together with Raju Sundas, the leader of Lighthouse Foundation Nepal (LHFN) a local NGO in Kathmandu. There they met many women and children and saw their extreme poverty and social vulnerability. They realised that most of the girls and women, if not all, within a few years would be abused and sexually exploited. Because of the caste system, poverty and their cultural background they have no real chance in life, but are born into slavery of being sexually abused. It was sickening to hear stories of rape, coercion, exploitation and the selling of young girls, and realise that this ethnic group from birth was bound to this life. The question arose; what could be done to stop this exploitation? In this way the thought of starting a Girls\u2019 Homes to save some was born. <\/span><span style=\"color: #000000; font-size: 1rem;\">M\u00e5nga gensvarade p\u00e5 behovet och medel samlades in f\u00f6r att starta det f\u00f6rsta Safe Home\/Flickhemmet, som sedan startades med trettio flickor vid julen 2009.\u00a0\u00a0<\/span><\/span><\/p>\t\t\t\t\t\t<\/div>\n\t\t\t\t<\/div>\n\t\t\t\t\t<\/div>\n\t\t<\/div>\n\t\t\t\t\t\t\t<\/div>\n\t\t<\/section>\n\t\t\t\t\t\t\t<\/div>","protected":false},"excerpt":{"rendered":"<p>Our History &#8211; Broken Wings The picture above shows the beginning of Out of Ashes involvement against trafficking. DONATE NOW In 2009 &#8230;. Out of Ashes is a charitable non-profit organization that was started in order to fight human trafficking. In February 2009, H\u00e5kan Gabrielsson visited two Badi villages in western Nepal together with Raju [&hellip;]<\/p>","protected":false},"author":3,"featured_media":0,"parent":0,"menu_order":0,"comment_status":"closed","ping_status":"closed","template":"elementor_header_footer","meta":{"_exactmetrics_skip_tracking":false,"_exactmetrics_sitenote_active":false,"_exactmetrics_sitenote_note":"","_exactmetrics_sitenote_category":0,"footnotes":""},"class_list":["post-6053","page","type-page","status-publish","hentry"],"acf":[],"aioseo_notices":[],"_links":{"self":[{"href":"https:\/\/outofashes.org\/sv\/wp-json\/wp\/v2\/pages\/6053","targetHints":{"allow":["GET"]}}],"collection":[{"href":"https:\/\/outofashes.org\/sv\/wp-json\/wp\/v2\/pages"}],"about":[{"href":"https:\/\/outofashes.org\/sv\/wp-json\/wp\/v2\/types\/page"}],"author":[{"embeddable":true,"href":"https:\/\/outofashes.org\/sv\/wp-json\/wp\/v2\/users\/3"}],"replies":[{"embeddable":true,"href":"https:\/\/outofashes.org\/sv\/wp-json\/wp\/v2\/comments?post=6053"}],"version-history":[{"count":22,"href":"https:\/\/outofashes.org\/sv\/wp-json\/wp\/v2\/pages\/6053\/revisions"}],"predecessor-version":[{"id":8708,"href":"https:\/\/outofashes.org\/sv\/wp-json\/wp\/v2\/pages\/6053\/revisions\/8708"}],"wp:attachment":[{"href":"https:\/\/outofashes.org\/sv\/wp-json\/wp\/v2\/media?parent=6053"}],"curies":[{"name":"wp","href":"https:\/\/api.w.org\/{rel}","templated":true}]}}