{"id":4779,"date":"2018-05-05T08:24:29","date_gmt":"2018-05-05T08:24:29","guid":{"rendered":"https:\/\/outofashes.org\/?page_id=4779"},"modified":"2023-07-23T13:35:30","modified_gmt":"2023-07-23T11:35:30","slug":"make-a-donation","status":"publish","type":"page","link":"https:\/\/outofashes.org\/sv\/make-a-donation\/","title":{"rendered":"Make a donation"},"content":{"rendered":"<div data-elementor-type=\"wp-page\" data-elementor-id=\"4779\" class=\"elementor elementor-4779\" data-elementor-post-type=\"page\">\n\t\t\t\t\t\t\t\t\t<section class=\"elementor-section elementor-top-section elementor-element elementor-element-fb32356 elementor-section-height-min-height elementor-section-boxed elementor-section-height-default elementor-section-items-middle\" data-id=\"fb32356\" data-element_type=\"section\" data-settings=\"{&quot;background_background&quot;:&quot;slideshow&quot;,&quot;background_slideshow_gallery&quot;:[{&quot;id&quot;:5547,&quot;url&quot;:&quot;http:\\\/\\\/outofashes.org\\\/wp-content\\\/uploads\\\/2020\\\/05\\\/062013_D0331-Edit.jpg&quot;},{&quot;id&quot;:5548,&quot;url&quot;:&quot;http:\\\/\\\/outofashes.org\\\/wp-content\\\/uploads\\\/2020\\\/05\\\/062013_D0397-Edit.jpg&quot;},{&quot;id&quot;:5549,&quot;url&quot;:&quot;http:\\\/\\\/outofashes.org\\\/wp-content\\\/uploads\\\/2020\\\/05\\\/062013_D0818-Edit.jpg&quot;},{&quot;id&quot;:5551,&quot;url&quot;:&quot;http:\\\/\\\/outofashes.org\\\/wp-content\\\/uploads\\\/2020\\\/05\\\/062013_D1142-Edit.jpg&quot;}],&quot;background_slideshow_ken_burns&quot;:&quot;yes&quot;,&quot;background_slideshow_loop&quot;:&quot;yes&quot;,&quot;background_slideshow_slide_duration&quot;:5000,&quot;background_slideshow_slide_transition&quot;:&quot;fade&quot;,&quot;background_slideshow_transition_duration&quot;:500,&quot;background_slideshow_ken_burns_zoom_direction&quot;:&quot;in&quot;}\">\n\t\t\t\t\t\t\t<div class=\"elementor-background-overlay\"><\/div>\n\t\t\t\t\t\t\t<div class=\"elementor-container elementor-column-gap-default\">\n\t\t\t\t\t<div class=\"elementor-column elementor-col-100 elementor-top-column elementor-element elementor-element-69e540bc\" data-id=\"69e540bc\" data-element_type=\"column\">\n\t\t\t<div class=\"elementor-widget-wrap elementor-element-populated\">\n\t\t\t\t\t\t\t\t<section class=\"elementor-section elementor-inner-section elementor-element elementor-element-5a1e7597 elementor-section-boxed elementor-section-height-default elementor-section-height-default\" data-id=\"5a1e7597\" data-element_type=\"section\">\n\t\t\t\t\t\t<div class=\"elementor-container elementor-column-gap-default\">\n\t\t\t\t\t<div class=\"elementor-column elementor-col-100 elementor-inner-column elementor-element elementor-element-77be9a37\" data-id=\"77be9a37\" data-element_type=\"column\">\n\t\t\t<div class=\"elementor-widget-wrap\">\n\t\t\t\t\t\t\t\t\t<\/div>\n\t\t<\/div>\n\t\t\t\t\t\t\t<\/div>\n\t\t<\/section>\n\t\t\t\t\t<\/div>\n\t\t<\/div>\n\t\t\t\t\t\t\t<\/div>\n\t\t<\/section>\n\t\t\t\t<section class=\"elementor-section elementor-top-section elementor-element elementor-element-6d00fa76 elementor-section-boxed elementor-section-height-default elementor-section-height-default\" data-id=\"6d00fa76\" data-element_type=\"section\">\n\t\t\t\t\t\t<div class=\"elementor-container elementor-column-gap-default\">\n\t\t\t\t\t<div class=\"elementor-column elementor-col-100 elementor-top-column elementor-element elementor-element-5694177d\" data-id=\"5694177d\" data-element_type=\"column\">\n\t\t\t<div class=\"elementor-widget-wrap elementor-element-populated\">\n\t\t\t\t\t\t\t\t<section class=\"elementor-section elementor-inner-section elementor-element elementor-element-2a61764c elementor-section-boxed elementor-section-height-default elementor-section-height-default\" data-id=\"2a61764c\" data-element_type=\"section\" data-settings=\"{&quot;background_background&quot;:&quot;classic&quot;}\">\n\t\t\t\t\t\t<div class=\"elementor-container elementor-column-gap-default\">\n\t\t\t\t\t<div class=\"elementor-column elementor-col-100 elementor-inner-column elementor-element elementor-element-27641eaf\" data-id=\"27641eaf\" data-element_type=\"column\">\n\t\t\t<div class=\"elementor-widget-wrap elementor-element-populated\">\n\t\t\t\t\t\t\t\t<div class=\"elementor-element elementor-element-2306a532 elementor-widget elementor-widget-heading\" data-id=\"2306a532\" data-element_type=\"widget\" data-widget_type=\"heading.default\">\n\t\t\t\t<div class=\"elementor-widget-container\">\n\t\t\t<h2 class=\"elementor-heading-title elementor-size-default\">Din g\u00e5va hj\u00e4lper oss att g\u00f6ra skillnad<\/h2>\t\t<\/div>\n\t\t\t\t<\/div>\n\t\t\t\t<div class=\"elementor-element elementor-element-50fcfb92 elementor-widget elementor-widget-text-editor\" data-id=\"50fcfb92\" data-element_type=\"widget\" data-widget_type=\"text-editor.default\">\n\t\t\t\t<div class=\"elementor-widget-container\">\n\t\t\t\t\t\t\t<p><span style=\"color: #000000;\">Vi tror att det b\u00e4sta s\u00e4ttet att verkligen bryta  den onda kretsg\u00e5ngen f\u00f6r utnyttjade kvinnor och flickor och skapa varaktig f\u00f6r\u00e4ndring, \u00e4r att erbjuda utbildning genom skol- och yrkesutbildning.<\/span><\/p>\t\t\t\t\t\t<\/div>\n\t\t\t\t<\/div>\n\t\t\t\t\t<\/div>\n\t\t<\/div>\n\t\t\t\t\t\t\t<\/div>\n\t\t<\/section>\n\t\t\t\t\t<\/div>\n\t\t<\/div>\n\t\t\t\t\t\t\t<\/div>\n\t\t<\/section>\n\t\t\t\t<section class=\"elementor-section elementor-top-section elementor-element elementor-element-659f9e9 elementor-section-boxed elementor-section-height-default elementor-section-height-default\" data-id=\"659f9e9\" data-element_type=\"section\">\n\t\t\t\t\t\t<div class=\"elementor-container elementor-column-gap-default\">\n\t\t\t\t\t<div class=\"elementor-column elementor-col-33 elementor-top-column elementor-element elementor-element-c73425e\" data-id=\"c73425e\" data-element_type=\"column\">\n\t\t\t<div class=\"elementor-widget-wrap\">\n\t\t\t\t\t\t\t\t\t<\/div>\n\t\t<\/div>\n\t\t\t\t<div class=\"elementor-column elementor-col-66 elementor-top-column elementor-element elementor-element-e272368\" data-id=\"e272368\" data-element_type=\"column\">\n\t\t\t<div class=\"elementor-widget-wrap elementor-element-populated\">\n\t\t\t\t\t\t\t\t<div class=\"elementor-element elementor-element-6b6162b elementor-widget elementor-widget-heading\" data-id=\"6b6162b\" data-element_type=\"widget\" data-widget_type=\"heading.default\">\n\t\t\t\t<div class=\"elementor-widget-container\">\n\t\t\t<h2 class=\"elementor-heading-title elementor-size-default\">Du kan ge din din g\u00e5va till v\u00e5rt plusgiro<\/h2>\t\t<\/div>\n\t\t\t\t<\/div>\n\t\t\t\t\t<\/div>\n\t\t<\/div>\n\t\t\t\t\t\t\t<\/div>\n\t\t<\/section>\n\t\t\t\t<section class=\"elementor-section elementor-top-section elementor-element elementor-element-763604f elementor-section-boxed elementor-section-height-default elementor-section-height-default\" data-id=\"763604f\" data-element_type=\"section\">\n\t\t\t\t\t\t<div class=\"elementor-container elementor-column-gap-default\">\n\t\t\t\t\t<div class=\"elementor-column elementor-col-100 elementor-top-column elementor-element elementor-element-d8f8956\" data-id=\"d8f8956\" data-element_type=\"column\">\n\t\t\t<div class=\"elementor-widget-wrap elementor-element-populated\">\n\t\t\t\t\t\t\t\t<div class=\"elementor-element elementor-element-ab934ed elementor-widget elementor-widget-shortcode\" data-id=\"ab934ed\" data-element_type=\"widget\" data-widget_type=\"shortcode.default\">\n\t\t\t\t<div class=\"elementor-widget-container\">\n\t\t\t\t\t<div class=\"elementor-shortcode\"><\/div>\n\t\t\t\t<\/div>\n\t\t\t\t<\/div>\n\t\t\t\t\t<\/div>\n\t\t<\/div>\n\t\t\t\t\t\t\t<\/div>\n\t\t<\/section>\n\t\t\t\t<section class=\"elementor-section elementor-top-section elementor-element elementor-element-362943f elementor-section-boxed elementor-section-height-default elementor-section-height-default\" data-id=\"362943f\" data-element_type=\"section\">\n\t\t\t\t\t\t<div class=\"elementor-container elementor-column-gap-default\">\n\t\t\t\t\t<div class=\"elementor-column elementor-col-50 elementor-top-column elementor-element elementor-element-f2c612d\" data-id=\"f2c612d\" data-element_type=\"column\">\n\t\t\t<div class=\"elementor-widget-wrap elementor-element-populated\">\n\t\t\t\t\t\t\t\t\t<\/div>\n\t\t<\/div>\n\t\t\t\t<div class=\"elementor-column elementor-col-50 elementor-top-column elementor-element elementor-element-47a59b0\" data-id=\"47a59b0\" data-element_type=\"column\">\n\t\t\t<div class=\"elementor-widget-wrap elementor-element-populated\">\n\t\t\t\t\t\t\t\t<div class=\"elementor-element elementor-element-b83ec45 elementor-widget elementor-widget-heading\" data-id=\"b83ec45\" data-element_type=\"widget\" data-widget_type=\"heading.default\">\n\t\t\t\t<div class=\"elementor-widget-container\">\n\t\t\t<style>.elementor-element-b83ec45{display:none !important}<\/style>\t\t<\/div>\n\t\t\t\t<\/div>\n\t\t\t\t<div class=\"elementor-element elementor-element-26f9fc8 elementor-widget elementor-widget-text-editor\" data-id=\"26f9fc8\" data-element_type=\"widget\" data-widget_type=\"text-editor.default\">\n\t\t\t\t<div class=\"elementor-widget-container\">\n\t\t\t<style>.elementor-element-26f9fc8{display:none !important}<\/style>\t\t<\/div>\n\t\t\t\t<\/div>\n\t\t\t\t<div class=\"elementor-element elementor-element-2f228d6e elementor-align-center elementor-mobile-align-justify elementor-widget-mobile__width-inherit elementor-widget elementor-widget-button\" data-id=\"2f228d6e\" data-element_type=\"widget\" data-widget_type=\"button.default\">\n\t\t\t\t<div class=\"elementor-widget-container\">\n\t\t\t<style>.elementor-element-2f228d6e{display:none !important}<\/style>\t\t<\/div>\n\t\t\t\t<\/div>\n\t\t\t\t<div class=\"elementor-element elementor-element-891b3e3 elementor-widget elementor-widget-heading\" data-id=\"891b3e3\" data-element_type=\"widget\" data-widget_type=\"heading.default\">\n\t\t\t\t<div class=\"elementor-widget-container\">\n\t\t\t<style>.elementor-element-891b3e3{display:none !important}<\/style>\t\t<\/div>\n\t\t\t\t<\/div>\n\t\t\t\t<div class=\"elementor-element elementor-element-37fc48c elementor-widget elementor-widget-text-editor\" data-id=\"37fc48c\" data-element_type=\"widget\" data-widget_type=\"text-editor.default\">\n\t\t\t\t<div class=\"elementor-widget-container\">\n\t\t\t<style>.elementor-element-37fc48c{display:none !important}<\/style>\t\t<\/div>\n\t\t\t\t<\/div>\n\t\t\t\t<div class=\"elementor-element elementor-element-67aca0e elementor-widget elementor-widget-text-editor\" data-id=\"67aca0e\" data-element_type=\"widget\" data-widget_type=\"text-editor.default\">\n\t\t\t\t<div class=\"elementor-widget-container\">\n\t\t\t\t\t\t\t<p><span style=\"color: #000000;\"><span style=\"color: #000000; font-size: 1rem;\">Out of Ashes is a ministry project of Touching Asia NGO that was started in order to fight human trafficking. In February 2009, H\u00e5kan Gabrielsson visited two Badi villages in western Nepal for the first time where he and ministry partners met many women and children and saw their extreme poverty and social vulnerability. They realised that most of the girls and women, if not all, within a few years would be abused and sexually exploited. Because of the caste system, poverty and their cultural background they have no real chance in life, but are born into slavery of being sexually abused. It was sickening to hear stories of rape, coercion, exploitation and the selling of young girls, and realise that this ethnic group from birth was bound to this life. The question arose; what could be done to stop this exploitation? In this way the thought of starting hostels and prevent the abuse was born. <\/span><span style=\"color: #000000; font-size: 1rem;\">Many people responded to the need and funds was raised to start girls homes\/safe homes.\u00a0\u00a0<\/span><\/span><\/p>\t\t\t\t\t\t<\/div>\n\t\t\t\t<\/div>\n\t\t\t\t\t<\/div>\n\t\t<\/div>\n\t\t\t\t\t\t\t<\/div>\n\t\t<\/section>\n\t\t\t\t<section class=\"elementor-section elementor-top-section elementor-element elementor-element-ccbc27f elementor-section-boxed elementor-section-height-default elementor-section-height-default\" data-id=\"ccbc27f\" data-element_type=\"section\" data-settings=\"{&quot;background_background&quot;:&quot;classic&quot;}\">\n\t\t\t\t\t\t<div class=\"elementor-container elementor-column-gap-default\">\n\t\t\t\t\t<div class=\"elementor-column elementor-col-100 elementor-top-column elementor-element elementor-element-725caf6\" data-id=\"725caf6\" data-element_type=\"column\">\n\t\t\t<div class=\"elementor-widget-wrap\">\n\t\t\t\t\t\t\t\t\t<\/div>\n\t\t<\/div>\n\t\t\t\t\t\t\t<\/div>\n\t\t<\/section>\n\t\t\t\t\t\t\t<\/div>","protected":false},"excerpt":{"rendered":"<p>See what your generosity can do We believe that the best way to truly break the cycle of abused women and girls and create lasting change is to provide education through school and vocational training. With your help this new income opportunities are made possible. Venture You can give through our USA-partner Venture,. Hit the [&hellip;]<\/p>","protected":false},"author":3,"featured_media":0,"parent":0,"menu_order":0,"comment_status":"closed","ping_status":"closed","template":"elementor_header_footer","meta":{"_exactmetrics_skip_tracking":false,"_exactmetrics_sitenote_active":false,"_exactmetrics_sitenote_note":"","_exactmetrics_sitenote_category":0,"footnotes":""},"class_list":["post-4779","page","type-page","status-publish","hentry"],"acf":[],"aioseo_notices":[],"_links":{"self":[{"href":"https:\/\/outofashes.org\/sv\/wp-json\/wp\/v2\/pages\/4779","targetHints":{"allow":["GET"]}}],"collection":[{"href":"https:\/\/outofashes.org\/sv\/wp-json\/wp\/v2\/pages"}],"about":[{"href":"https:\/\/outofashes.org\/sv\/wp-json\/wp\/v2\/types\/page"}],"author":[{"embeddable":true,"href":"https:\/\/outofashes.org\/sv\/wp-json\/wp\/v2\/users\/3"}],"replies":[{"embeddable":true,"href":"https:\/\/outofashes.org\/sv\/wp-json\/wp\/v2\/comments?post=4779"}],"version-history":[{"count":75,"href":"https:\/\/outofashes.org\/sv\/wp-json\/wp\/v2\/pages\/4779\/revisions"}],"predecessor-version":[{"id":90706,"href":"https:\/\/outofashes.org\/sv\/wp-json\/wp\/v2\/pages\/4779\/revisions\/90706"}],"wp:attachment":[{"href":"https:\/\/outofashes.org\/sv\/wp-json\/wp\/v2\/media?parent=4779"}],"curies":[{"name":"wp","href":"https:\/\/api.w.org\/{rel}","templated":true}]}}