{"id":1195,"date":"2013-10-14T13:39:56","date_gmt":"2013-10-14T13:39:14","guid":{"rendered":"http:\/\/www.kriesi.at\/themes\/enfold\/?page_id=1195"},"modified":"2023-07-23T12:23:40","modified_gmt":"2023-07-23T10:23:40","slug":"about-us","status":"publish","type":"page","link":"https:\/\/outofashes.org\/sv\/about-us\/","title":{"rendered":"Om Oss"},"content":{"rendered":"<div data-elementor-type=\"wp-post\" data-elementor-id=\"1195\" class=\"elementor elementor-1195\" data-elementor-post-type=\"page\">\n\t\t\t\t\t\t\t\t\t<section class=\"elementor-section elementor-top-section elementor-element elementor-element-286bcec elementor-section-height-min-height elementor-section-boxed elementor-section-height-default elementor-section-items-middle\" data-id=\"286bcec\" data-element_type=\"section\" data-settings=\"{&quot;background_background&quot;:&quot;classic&quot;}\">\n\t\t\t\t\t\t\t<div class=\"elementor-background-overlay\"><\/div>\n\t\t\t\t\t\t\t<div class=\"elementor-container elementor-column-gap-default\">\n\t\t\t\t\t<div class=\"elementor-column elementor-col-100 elementor-top-column elementor-element elementor-element-e2afa6a\" data-id=\"e2afa6a\" data-element_type=\"column\">\n\t\t\t<div class=\"elementor-widget-wrap elementor-element-populated\">\n\t\t\t\t\t\t\t\t<section class=\"elementor-section elementor-inner-section elementor-element elementor-element-1d9bded elementor-section-boxed elementor-section-height-default elementor-section-height-default\" data-id=\"1d9bded\" data-element_type=\"section\">\n\t\t\t\t\t\t<div class=\"elementor-container elementor-column-gap-default\">\n\t\t\t\t\t<div class=\"elementor-column elementor-col-100 elementor-inner-column elementor-element elementor-element-9f264c2\" data-id=\"9f264c2\" data-element_type=\"column\">\n\t\t\t<div class=\"elementor-widget-wrap\">\n\t\t\t\t\t\t\t\t\t<\/div>\n\t\t<\/div>\n\t\t\t\t\t\t\t<\/div>\n\t\t<\/section>\n\t\t\t\t\t<\/div>\n\t\t<\/div>\n\t\t\t\t\t\t\t<\/div>\n\t\t<\/section>\n\t\t\t\t<section class=\"elementor-section elementor-top-section elementor-element elementor-element-00fc505 elementor-section-boxed elementor-section-height-default elementor-section-height-default\" data-id=\"00fc505\" data-element_type=\"section\">\n\t\t\t\t\t\t<div class=\"elementor-container elementor-column-gap-default\">\n\t\t\t\t\t<div class=\"elementor-column elementor-col-100 elementor-top-column elementor-element elementor-element-f50a215\" data-id=\"f50a215\" data-element_type=\"column\">\n\t\t\t<div class=\"elementor-widget-wrap elementor-element-populated\">\n\t\t\t\t\t\t\t\t<section class=\"elementor-section elementor-inner-section elementor-element elementor-element-e211944 elementor-section-boxed elementor-section-height-default elementor-section-height-default\" data-id=\"e211944\" data-element_type=\"section\" data-settings=\"{&quot;background_background&quot;:&quot;classic&quot;}\">\n\t\t\t\t\t\t<div class=\"elementor-container elementor-column-gap-default\">\n\t\t\t\t\t<div class=\"elementor-column elementor-col-100 elementor-inner-column elementor-element elementor-element-7b7beed\" data-id=\"7b7beed\" data-element_type=\"column\">\n\t\t\t<div class=\"elementor-widget-wrap elementor-element-populated\">\n\t\t\t\t\t\t\t\t<div class=\"elementor-element elementor-element-f42031e elementor-widget elementor-widget-heading\" data-id=\"f42031e\" data-element_type=\"widget\" data-widget_type=\"heading.default\">\n\t\t\t\t<div class=\"elementor-widget-container\">\n\t\t\t<h2 class=\"elementor-heading-title elementor-size-default\">Varf\u00f6r Out of Ashes?<\/h2>\t\t<\/div>\n\t\t\t\t<\/div>\n\t\t\t\t<div class=\"elementor-element elementor-element-47084ce4 elementor-widget elementor-widget-text-editor\" data-id=\"47084ce4\" data-element_type=\"widget\" data-widget_type=\"text-editor.default\">\n\t\t\t\t<div class=\"elementor-widget-container\">\n\t\t\t\t\t\t\t<p>\u201dVarje f\u00f6rekomst av m\u00e4nniskohandel har en gemensam kostnad; varje brott \u00e4r en kr\u00e4nkning av de grundl\u00e4ggande idealen om m\u00e4nsklig v\u00e4rdighet och p\u00e5verkar individer och deras familjer, och samh\u00e4llen tar allvarlig skada. \u00c4nd\u00e5, om det var m\u00f6jligt att lysa m\u00e4nniskohandel genom ett prisma, skulle varje aspekt \u00e5terspegla olika versioner av brottet, men samma i huvudsak. Tillsammans skulle de visa det stora och varierade utbudet av metoder som m\u00e4nniskohandlare anv\u00e4nder f\u00f6r att tvinga vuxna och barn av alla k\u00f6n, utbildningsniv\u00e5er, nationaliteter och invandringsstatus i b\u00e5de lagliga och olagliga sektorer. M\u00e4nniskor som handlar kan vara familjemedlemmar, rekryterare, arbetsgivare eller fr\u00e4mlingar som utnyttjar s\u00e5rbarhet och omst\u00e4ndigheter f\u00f6r att tvinga offer att bedriva kommersiellt sex eller lura dem till tv\u00e5ngsarbete. De beg\u00e5r dessa brott genom n\u00e4tverk som tar offren hundratals mil bort fr\u00e5n sina hem, eller i samma grannskap d\u00e4r de f\u00f6ddes. \u201d<\/p>\t\t\t\t\t\t<\/div>\n\t\t\t\t<\/div>\n\t\t\t\t<div class=\"elementor-element elementor-element-5936142 elementor-widget elementor-widget-text-editor\" data-id=\"5936142\" data-element_type=\"widget\" data-widget_type=\"text-editor.default\">\n\t\t\t\t<div class=\"elementor-widget-container\">\n\t\t\t\t\t\t\t&#8211;   \tUS Trafficking in Persons Report (TIP) 2019\n\t\t\t\t\t\t<\/div>\n\t\t\t\t<\/div>\n\t\t\t\t<div class=\"elementor-element elementor-element-115ad47 elementor-align-center elementor-widget elementor-widget-global elementor-global-5319 elementor-widget-button\" data-id=\"115ad47\" data-element_type=\"widget\" data-widget_type=\"button.default\">\n\t\t\t\t<div class=\"elementor-widget-container\">\n\t\t\t\t\t<div class=\"elementor-button-wrapper\">\n\t\t\t<a class=\"elementor-button elementor-button-link elementor-size-lg\" href=\"https:\/\/outofashes.org\/sv\/make-a-donation\/\">\n\t\t\t\t\t\t<span class=\"elementor-button-content-wrapper\">\n\t\t\t\t\t\t<span class=\"elementor-button-text\">Ge en g\u00e5va nu<\/span>\n\t\t<\/span>\n\t\t\t\t\t<\/a>\n\t\t<\/div>\n\t\t\t\t<\/div>\n\t\t\t\t<\/div>\n\t\t\t\t\t<\/div>\n\t\t<\/div>\n\t\t\t\t\t\t\t<\/div>\n\t\t<\/section>\n\t\t\t\t\t<\/div>\n\t\t<\/div>\n\t\t\t\t\t\t\t<\/div>\n\t\t<\/section>\n\t\t\t\t<section class=\"elementor-section elementor-top-section elementor-element elementor-element-fa971ea elementor-section-boxed elementor-section-height-default elementor-section-height-default\" data-id=\"fa971ea\" data-element_type=\"section\" data-settings=\"{&quot;background_background&quot;:&quot;classic&quot;}\">\n\t\t\t\t\t\t<div class=\"elementor-container elementor-column-gap-default\">\n\t\t\t\t\t<div class=\"elementor-column elementor-col-100 elementor-top-column elementor-element elementor-element-123d29e\" data-id=\"123d29e\" data-element_type=\"column\">\n\t\t\t<div class=\"elementor-widget-wrap elementor-element-populated\">\n\t\t\t\t\t\t\t\t<section class=\"elementor-section elementor-inner-section elementor-element elementor-element-a5ddd9d elementor-section-boxed elementor-section-height-default elementor-section-height-default\" data-id=\"a5ddd9d\" data-element_type=\"section\">\n\t\t\t\t\t\t<div class=\"elementor-container elementor-column-gap-default\">\n\t\t\t\t\t<div class=\"elementor-column elementor-col-50 elementor-inner-column elementor-element elementor-element-a2d4c8a\" data-id=\"a2d4c8a\" data-element_type=\"column\">\n\t\t\t<div class=\"elementor-widget-wrap elementor-element-populated\">\n\t\t\t\t\t\t\t\t<div class=\"elementor-element elementor-element-b6a78f7 elementor-widget elementor-widget-heading\" data-id=\"b6a78f7\" data-element_type=\"widget\" data-widget_type=\"heading.default\">\n\t\t\t\t<div class=\"elementor-widget-container\">\n\t\t\t<h3 class=\"elementor-heading-title elementor-size-default\">Historia<\/h3>\t\t<\/div>\n\t\t\t\t<\/div>\n\t\t\t\t<div class=\"elementor-element elementor-element-d773fbb elementor-widget elementor-widget-text-editor\" data-id=\"d773fbb\" data-element_type=\"widget\" data-widget_type=\"text-editor.default\">\n\t\t\t\t<div class=\"elementor-widget-container\">\n\t\t\t\t\t\t\t<p>\u201dTrafficking med flickor fr\u00e5n Nepal till Indien f\u00f6r tv\u00e5ngsprostitution \u00e4r kanske en av de mest trafikerade v\u00e4garna f\u00f6r slavhandel n\u00e5gonstans i v\u00e4rlden, med uppskattningsvis 5 000-10 000 nepaliska kvinnor och flickor som s\u00e4ljs till Indien varje \u00e5r. Uppskattningsvis 100 000-200 000 personer fr\u00e5n Nepal finns mot sin vilja i Indien. Flickor fr\u00e5n Nepal \u00e4r s\u00e4rskilt \u00f6nskv\u00e4rda som prostituerade i Indien eftersom de anses vara mer attraktiva p\u00e5 grund av deras ljusare hudf\u00e4rg, och eftersom nepali oskulder tros kunna bota aids. \u201d<\/p><p>&#8211;   \tHuman Trafficking in Nepal &#8211; Wikipedia<\/p>\t\t\t\t\t\t<\/div>\n\t\t\t\t<\/div>\n\t\t\t\t\t<\/div>\n\t\t<\/div>\n\t\t\t\t<div class=\"elementor-column elementor-col-50 elementor-inner-column elementor-element elementor-element-ed32b54\" data-id=\"ed32b54\" data-element_type=\"column\">\n\t\t\t<div class=\"elementor-widget-wrap elementor-element-populated\">\n\t\t\t\t\t\t\t\t\t<\/div>\n\t\t<\/div>\n\t\t\t\t\t\t\t<\/div>\n\t\t<\/section>\n\t\t\t\t\t<\/div>\n\t\t<\/div>\n\t\t\t\t\t\t\t<\/div>\n\t\t<\/section>\n\t\t\t\t\t\t\t<\/div>","protected":false},"excerpt":{"rendered":"<p>Why Out of Ashes? \u201dEach instance of human trafficking takes a common toll; each crime is an affront to the basic ideals of human dignity, inflicting grievous harm on individuals, as well as on their families and communities. Yet, if it were possible to hold human trafficking up to a light like a prism, each [&hellip;]<\/p>","protected":false},"author":1,"featured_media":0,"parent":0,"menu_order":0,"comment_status":"closed","ping_status":"closed","template":"elementor_header_footer","meta":{"_exactmetrics_skip_tracking":false,"_exactmetrics_sitenote_active":false,"_exactmetrics_sitenote_note":"","_exactmetrics_sitenote_category":0,"footnotes":""},"class_list":["post-1195","page","type-page","status-publish","hentry"],"acf":[],"aioseo_notices":[],"_links":{"self":[{"href":"https:\/\/outofashes.org\/sv\/wp-json\/wp\/v2\/pages\/1195","targetHints":{"allow":["GET"]}}],"collection":[{"href":"https:\/\/outofashes.org\/sv\/wp-json\/wp\/v2\/pages"}],"about":[{"href":"https:\/\/outofashes.org\/sv\/wp-json\/wp\/v2\/types\/page"}],"author":[{"embeddable":true,"href":"https:\/\/outofashes.org\/sv\/wp-json\/wp\/v2\/users\/1"}],"replies":[{"embeddable":true,"href":"https:\/\/outofashes.org\/sv\/wp-json\/wp\/v2\/comments?post=1195"}],"version-history":[{"count":29,"href":"https:\/\/outofashes.org\/sv\/wp-json\/wp\/v2\/pages\/1195\/revisions"}],"predecessor-version":[{"id":90681,"href":"https:\/\/outofashes.org\/sv\/wp-json\/wp\/v2\/pages\/1195\/revisions\/90681"}],"wp:attachment":[{"href":"https:\/\/outofashes.org\/sv\/wp-json\/wp\/v2\/media?parent=1195"}],"curies":[{"name":"wp","href":"https:\/\/api.w.org\/{rel}","templated":true}]}}